{"id":105,"date":"2015-10-22T09:44:56","date_gmt":"2015-10-22T07:44:56","guid":{"rendered":"http:\/\/www.berthold-gymnasium.de\/wordpress\/?page_id=105"},"modified":"2025-07-03T15:09:05","modified_gmt":"2025-07-03T13:09:05","slug":"freundes-und-foerderkreis","status":"publish","type":"page","link":"https:\/\/www.berthold-gymnasium.de\/?page_id=105","title":{"rendered":"Freundes- und F\u00f6rderkreis"},"content":{"rendered":"\n<p>Der <strong>Freundes- und F\u00f6rderkreis des Berthold-Gymnasiums<\/strong> ist ein eingetragener, gemeinn\u00fctziger Verein, der sich die ideelle und materielle F\u00f6rderung des Berthold-Gymnasiums zur Aufgabe gesetzt&nbsp; hat und f\u00fcr dessen Belange in der \u00d6ffentlichkeit eintritt.<\/p>\n\n\n\n<p>Um die vielf\u00e4ltigen Aktivit\u00e4ten einer lebendigen Schulgemeinschaft zu f\u00f6rdern, bedarf es des engen Zusammenwirkens von Sch\u00fclerInnen, LehrerInnen und Eltern. Als wesentliche St\u00fctze dieser Zusammenarbeit hat der Freundes- und F\u00f6rderkreis einen festen und unverzichtbaren Platz innerhalb der Schule. Wichtige Anliegen w\u00e4ren ohne ihn nicht zu realisieren. Dabei ist der Verein allerdings auf die Unterst\u00fctzung aller Mitglieder der Schulgemeinschaft angewiesen.<\/p>\n\n\n\n<p>Der Vorstand setzt sich seit der Mitgliederversammlung vom 17.03.2025 wie folgt zusammen:<em><br><\/em><\/p>\n\n\n\n<p>&nbsp;<\/p>\n\n\n\n<p>&nbsp;<\/p>\n\n\n\n<div class=\"wp-block-media-text has-media-on-the-right is-stacked-on-mobile\" style=\"grid-template-columns:auto 15%\"><div class=\"wp-block-media-text__content\">\n<p><\/p>\n\n\n\n<div class=\"wp-block-group\"><div class=\"wp-block-group__inner-container is-layout-constrained wp-block-group-is-layout-constrained\">\n<p class=\"has-large-font-size\">Martin Flittner<\/p>\n\n\n\n<p><strong>Vorsitzender<\/strong><br>0761 \/ 65866<br><span id=\"cloak74112\"><\/span><\/p>\n\n\n\n<ul class=\"wp-block-list\">\n<li>41 Jahre lang Lehrer f\u00fcr Sport, Englisch und Psychologie<\/li>\n\n\n\n<li>zur aktiven Zeit Beratungslehrer am BG<\/li>\n\n\n\n<li>seit 2015 in Pension<\/li>\n<\/ul>\n<\/div><\/div>\n\n\n\n<p><\/p>\n<\/div><figure class=\"wp-block-media-text__media\"><img loading=\"lazy\" decoding=\"async\" width=\"755\" height=\"1024\" src=\"https:\/\/www.berthold-gymnasium.de\/wp-content\/uploads\/2019\/04\/Flittner-Martin-755x1024.jpg\" alt=\"\" class=\"wp-image-3447 size-full\" srcset=\"https:\/\/www.berthold-gymnasium.de\/wp-content\/uploads\/2019\/04\/Flittner-Martin.jpg 755w, https:\/\/www.berthold-gymnasium.de\/wp-content\/uploads\/2019\/04\/Flittner-Martin-111x150.jpg 111w, https:\/\/www.berthold-gymnasium.de\/wp-content\/uploads\/2019\/04\/Flittner-Martin-221x300.jpg 221w\" sizes=\"auto, (max-width: 755px) 100vw, 755px\" \/><\/figure><\/div>\n\n\n\n<h6 class=\"wp-block-heading\"><\/h6>\n\n\n\n<div style=\"height:41px\" aria-hidden=\"true\" class=\"wp-block-spacer\"><\/div>\n\n\n\n<div class=\"wp-block-group\"><div class=\"wp-block-group__inner-container is-layout-constrained wp-block-group-is-layout-constrained\">\n<div class=\"wp-block-media-text has-media-on-the-right is-stacked-on-mobile\" style=\"grid-template-columns:auto 15%\"><div class=\"wp-block-media-text__content\">\n<p><\/p>\n\n\n\n<div class=\"wp-block-group\"><div class=\"wp-block-group__inner-container is-layout-constrained wp-block-group-is-layout-constrained\">\n<p class=\"has-large-font-size\">Carolin Hillemanns<\/p>\n\n\n\n<p><strong>erste<\/strong> <strong>stellvertretende Vorsitzende<\/strong><br>0761 \/ 534529<br><span id=\"cloak96047\"><\/span><\/p>\n\n\n\n<ul class=\"wp-block-list\">\n<li>Kinder am BG<\/li>\n\n\n\n<li>selbst BG-Abitur<\/li>\n<\/ul>\n<\/div><\/div>\n\n\n\n<p><\/p>\n<\/div><figure class=\"wp-block-media-text__media\"><img loading=\"lazy\" decoding=\"async\" width=\"516\" height=\"621\" src=\"https:\/\/www.berthold-gymnasium.de\/wp-content\/uploads\/2019\/04\/Hillemanns-Carolin.jpg\" alt=\"\" class=\"wp-image-3449 size-full\" srcset=\"https:\/\/www.berthold-gymnasium.de\/wp-content\/uploads\/2019\/04\/Hillemanns-Carolin.jpg 516w, https:\/\/www.berthold-gymnasium.de\/wp-content\/uploads\/2019\/04\/Hillemanns-Carolin-125x150.jpg 125w, https:\/\/www.berthold-gymnasium.de\/wp-content\/uploads\/2019\/04\/Hillemanns-Carolin-249x300.jpg 249w\" sizes=\"auto, (max-width: 516px) 100vw, 516px\" \/><\/figure><\/div>\n\n\n\n<h6 class=\"wp-block-heading\"><\/h6>\n\n\n\n<div style=\"height:36px\" aria-hidden=\"true\" class=\"wp-block-spacer\"><\/div>\n\n\n\n<div class=\"wp-block-media-text has-media-on-the-right is-stacked-on-mobile\" style=\"grid-template-columns:auto 15%\"><div class=\"wp-block-media-text__content\">\n<p class=\"has-large-font-size\">Sigrid Goffin<\/p>\n\n\n\n<p><strong>zweite stellvertretende Vorsitzende<\/strong><br>0761 \/ 7074390<\/p>\n\n\n\n<ul class=\"wp-block-list\">\n<li>NLP-Coach<\/li>\n\n\n\n<li>Ex-BG-Mutter<\/li>\n\n\n\n<li>Chorsprecherin des Chors der Freunde des BG<\/li>\n<\/ul>\n\n\n\n<p><\/p>\n\n\n\n<p><\/p>\n<\/div><figure class=\"wp-block-media-text__media\"><img loading=\"lazy\" decoding=\"async\" width=\"265\" height=\"331\" src=\"https:\/\/www.berthold-gymnasium.de\/wp-content\/uploads\/2018\/08\/goffin.jpg\" alt=\"\" class=\"wp-image-2763 size-full\" srcset=\"https:\/\/www.berthold-gymnasium.de\/wp-content\/uploads\/2018\/08\/goffin.jpg 265w, https:\/\/www.berthold-gymnasium.de\/wp-content\/uploads\/2018\/08\/goffin-120x150.jpg 120w, https:\/\/www.berthold-gymnasium.de\/wp-content\/uploads\/2018\/08\/goffin-240x300.jpg 240w\" sizes=\"auto, (max-width: 265px) 100vw, 265px\" \/><\/figure><\/div>\n<\/div><\/div>\n\n\n\n<div style=\"height:34px\" aria-hidden=\"true\" class=\"wp-block-spacer\"><\/div>\n\n\n\n<div class=\"wp-block-media-text has-media-on-the-right is-stacked-on-mobile\" style=\"grid-template-columns:auto 15%\"><div class=\"wp-block-media-text__content\">\n<p><\/p>\n\n\n\n<div class=\"wp-block-group\"><div class=\"wp-block-group__inner-container is-layout-constrained wp-block-group-is-layout-constrained\">\n<p class=\"has-large-font-size\">Andrea Kramer<\/p>\n\n\n\n<p><strong>Schatzmeisterin<\/strong><span id=\"cloak28864\"><br><\/span>010761 48994149&nbsp;<\/p>\n\n\n\n<ul class=\"wp-block-list\">\n<li>Dipl. Volkswirtin Uni Freiburg&nbsp;<\/li>\n\n\n\n<li>selbst ABI am BG <\/li>\n\n\n\n<li>Sohn am BG<\/li>\n<\/ul>\n\n\n\n<p><\/p>\n<\/div><\/div>\n<\/div><figure class=\"wp-block-media-text__media\"><img loading=\"lazy\" decoding=\"async\" width=\"540\" height=\"700\" src=\"https:\/\/www.berthold-gymnasium.de\/wp-content\/uploads\/2025\/05\/Andrea-Kramer_kl-1.jpg\" alt=\"\" class=\"wp-image-7621 size-full\" srcset=\"https:\/\/www.berthold-gymnasium.de\/wp-content\/uploads\/2025\/05\/Andrea-Kramer_kl-1.jpg 540w, https:\/\/www.berthold-gymnasium.de\/wp-content\/uploads\/2025\/05\/Andrea-Kramer_kl-1-231x300.jpg 231w, https:\/\/www.berthold-gymnasium.de\/wp-content\/uploads\/2025\/05\/Andrea-Kramer_kl-1-116x150.jpg 116w\" sizes=\"auto, (max-width: 540px) 100vw, 540px\" \/><\/figure><\/div>\n\n\n\n<h6 class=\"wp-block-heading\"><\/h6>\n\n\n\n<div style=\"height:34px\" aria-hidden=\"true\" class=\"wp-block-spacer\"><\/div>\n\n\n\n<div class=\"wp-block-group\"><div class=\"wp-block-group__inner-container is-layout-constrained wp-block-group-is-layout-constrained\">\n<div class=\"wp-block-group\"><div class=\"wp-block-group__inner-container is-layout-constrained wp-block-group-is-layout-constrained\">\n<div class=\"wp-block-group\"><div class=\"wp-block-group__inner-container is-layout-constrained wp-block-group-is-layout-constrained\">\n<div class=\"wp-block-media-text has-media-on-the-right is-stacked-on-mobile\" style=\"grid-template-columns:auto 15%\"><div class=\"wp-block-media-text__content\">\n<p><\/p>\n\n\n\n<div class=\"wp-block-group\"><div class=\"wp-block-group__inner-container is-layout-constrained wp-block-group-is-layout-constrained\">\n<p style=\"font-size:36px\">Gerhild Schilling<\/p>\n\n\n\n<p><strong>Schriftf\u00fchrerin<\/strong><br>0761 \/ 59516177<\/p>\n\n\n\n<ul class=\"wp-block-list\">\n<li>ABI am BG<\/li>\n\n\n\n<li>Kinder am BG &nbsp;&nbsp;&nbsp;&nbsp;&nbsp;&nbsp;&nbsp;&nbsp;&nbsp;&nbsp;&nbsp;&nbsp;&nbsp;&nbsp;&nbsp;&nbsp;&nbsp;&nbsp;&nbsp;&nbsp;&nbsp;&nbsp;&nbsp;&nbsp;&nbsp;&nbsp;&nbsp;&nbsp;&nbsp;&nbsp;&nbsp;&nbsp;&nbsp;&nbsp;&nbsp;&nbsp;&nbsp;&nbsp;&nbsp;&nbsp;&nbsp;&nbsp;&nbsp;&nbsp;&nbsp;&nbsp;&nbsp;&nbsp;&nbsp;&nbsp;&nbsp;&nbsp;&nbsp;&nbsp;&nbsp;&nbsp;&nbsp;&nbsp;&nbsp;&nbsp;&nbsp;&nbsp;&nbsp;&nbsp;&nbsp;&nbsp;&nbsp;&nbsp;&nbsp;&nbsp;&nbsp;&nbsp;&nbsp;&nbsp;&nbsp;&nbsp;&nbsp;&nbsp;&nbsp;&nbsp;&nbsp;&nbsp;&nbsp;&nbsp;&nbsp;&nbsp;&nbsp;&nbsp;&nbsp;&nbsp;&nbsp;&nbsp;&nbsp;&nbsp;&nbsp;&nbsp;&nbsp;&nbsp;&nbsp;&nbsp;&nbsp;&nbsp;&nbsp;&nbsp;&nbsp;&nbsp;&nbsp;<\/li>\n<\/ul>\n<\/div><\/div>\n\n\n\n<p><\/p>\n<\/div><figure class=\"wp-block-media-text__media\"><img loading=\"lazy\" decoding=\"async\" width=\"763\" height=\"1024\" src=\"https:\/\/www.berthold-gymnasium.de\/wp-content\/uploads\/2025\/05\/Gerhild-Schilling-763x1024.jpg\" alt=\"\" class=\"wp-image-7611 size-full\"\/><\/figure><\/div>\n<\/div><\/div>\n<\/div><\/div>\n<\/div><\/div>\n\n\n\n<div style=\"height:33px\" aria-hidden=\"true\" class=\"wp-block-spacer\"><\/div>\n\n\n\n<h2 class=\"wp-block-heading\">Aufgaben des Vereins<\/h2>\n\n\n\n<ul class=\"wp-block-list\">\n<li>Durch <strong>ideelle F\u00f6rderung<\/strong> soll die Verbundenheit zwischen LehrerInnen, Sch\u00fclerInnen und Eltern gest\u00e4rkt und die Verbindung <span class=\"internal-link\">ehemaliger Sch\u00fclerInnen mit ihrer Schule lebendig erhalten werden.<\/span><\/li>\n\n\n\n<li>Durch <strong>materielle F\u00f6rderung<\/strong> sollen Aktivit\u00e4ten der Schule \u00fcberall dort unterst\u00fctzt werden, wo \u00f6ffentliche Mittel nicht in Anspruch genommen werden k\u00f6nnen oder nicht ausreichen. Vor allem f\u00fcr solidarische Hilfe in sozialen Notsituationen oder bei der Beschaffung von Lehr- und Lernmitteln, die der Schultr\u00e4ger nicht \u00fcbernehmen kann.<\/li>\n\n\n\n<li>Der Verein besteht seit 1978 und hat zur Zeit <strong><strong>ca. 300 Mitglieder.<\/strong><\/strong><\/li>\n<\/ul>\n\n\n\n<p>E-Mail: <a href=\"mailto:freundeskreis@berthold-gymnasium.de\"><span id=\"cloak59123\"><a href=\"mailto:Freundeskreis.BG@gmx.de\" target=\"_blank\" rel=\"noreferrer noopener\">Freundeskreis.BG@gmx.de<\/a><\/span><\/a><\/p>\n\n\n\n<h2 class=\"wp-block-heading\"><\/h2>\n\n\n\n<figure class=\"wp-block-gallery has-nested-images columns-default is-cropped wp-block-gallery-1 is-layout-flex wp-block-gallery-is-layout-flex\">\n<figure class=\"wp-block-image size-large\"><img loading=\"lazy\" decoding=\"async\" width=\"1024\" height=\"711\" data-id=\"3265\" src=\"https:\/\/www.berthold-gymnasium.de\/wp-content\/uploads\/2018\/11\/SMV_11-2018_6-1024x711.jpg\" alt=\"\" class=\"wp-image-3265\" srcset=\"https:\/\/www.berthold-gymnasium.de\/wp-content\/uploads\/2018\/11\/SMV_11-2018_6-1024x711.jpg 1024w, https:\/\/www.berthold-gymnasium.de\/wp-content\/uploads\/2018\/11\/SMV_11-2018_6-216x150.jpg 216w, https:\/\/www.berthold-gymnasium.de\/wp-content\/uploads\/2018\/11\/SMV_11-2018_6-300x208.jpg 300w, https:\/\/www.berthold-gymnasium.de\/wp-content\/uploads\/2018\/11\/SMV_11-2018_6-768x533.jpg 768w, https:\/\/www.berthold-gymnasium.de\/wp-content\/uploads\/2018\/11\/SMV_11-2018_6.jpg 1200w\" sizes=\"auto, (max-width: 1024px) 100vw, 1024px\" \/><\/figure>\n\n\n\n<figure class=\"wp-block-image size-large\"><img decoding=\"async\" data-id=\"6246\" src=\"https:\/\/www.berthold-gymnasium.de\/wp-content\/uploads\/2024\/02\/schach_ag24bkl.jpg\" alt=\"\" class=\"wp-image-6246\"\/><\/figure>\n\n\n\n<figure class=\"wp-block-image size-large\"><img loading=\"lazy\" decoding=\"async\" width=\"1024\" height=\"768\" data-id=\"4019\" src=\"https:\/\/www.berthold-gymnasium.de\/wp-content\/uploads\/2019\/12\/Homepage_Italienisch-1024x768.jpg\" alt=\"\" class=\"wp-image-4019\" srcset=\"https:\/\/www.berthold-gymnasium.de\/wp-content\/uploads\/2019\/12\/Homepage_Italienisch-1024x768.jpg 1024w, https:\/\/www.berthold-gymnasium.de\/wp-content\/uploads\/2019\/12\/Homepage_Italienisch-300x225.jpg 300w, https:\/\/www.berthold-gymnasium.de\/wp-content\/uploads\/2019\/12\/Homepage_Italienisch-200x150.jpg 200w, https:\/\/www.berthold-gymnasium.de\/wp-content\/uploads\/2019\/12\/Homepage_Italienisch-768x576.jpg 768w, https:\/\/www.berthold-gymnasium.de\/wp-content\/uploads\/2019\/12\/Homepage_Italienisch.jpg 1200w\" sizes=\"auto, (max-width: 1024px) 100vw, 1024px\" \/><\/figure>\n<\/figure>\n\n\n\n<p>Was durch Initiative und Unterst\u00fctzung des Vereins im letzten Jahr m\u00f6glich war, entnehmen Sie bitte dem aktuellen <strong><u><a href=\"https:\/\/www.berthold-gymnasium.de\/wp-content\/uploads\/2025\/05\/Taetigkeitsbericht_2024.pdf\">T\u00e4tigkeitsbericht<\/a><\/u><\/strong><\/p>\n\n\n\n<ul class=\"wp-block-list\">\n<li>So laden wir Sie ein, aus Verbundenheit mit der Schule und im Interesse unserer Sch\u00fcler, dem&nbsp;<strong>Freundeskreis des BG beizutreten<\/strong>. S\u00e4mtliche finanziellen Zuwendungen sind&nbsp;<strong>steuerlich absetzbar<\/strong>. <\/li>\n\n\n\n<li>Sie k\u00f6nnen sich zwischen dem <strong>Mindest-Beitrag von \u20ac 15<\/strong>, einem <strong>Beitrag von \u20ac 30<\/strong> oder einer <strong>frei gew\u00e4hlten Summe<\/strong> entscheiden.<\/li>\n<\/ul>\n\n\n\n<p>&nbsp;<\/p>\n\n\n\n<p><\/p>\n\n\n\n<p><strong>Bankverbindung:<\/strong><br>Volksbank Freiburg<br>IBAN: DE08 6809 0000 0023 2600 00<br>BIC: GENODE61FR1<br>BLZ: 680 900 00<br>Konto: 232 600 00<\/p>\n\n\n\n<p><strong>Dokumente zum Download<\/strong>:<\/p>\n\n\n\n<ul class=\"wp-block-list\">\n<li><a href=\"https:\/\/www.berthold-gymnasium.de\/wp-content\/uploads\/2025\/05\/Anmelde-Formular.pdf\">Anmeldeformular<\/a><\/li>\n\n\n\n<li><a href=\"https:\/\/www.berthold-gymnasium.de\/wp-content\/uploads\/2025\/07\/flyer-vorderseite.pdf\">Flyer (Vorderseite)<\/a><\/li>\n\n\n\n<li><a href=\"https:\/\/www.berthold-gymnasium.de\/wp-content\/uploads\/2015\/10\/Freundeskreis_Flyer_2014_02.pdf\">Flyer (R\u00fcckseite)<\/a><\/li>\n\n\n\n<li><a href=\"https:\/\/www.berthold-gymnasium.de\/wp-content\/uploads\/2017\/03\/FFK-Satzung_2015.pdf\">Satzung<\/a><\/li>\n\n\n\n<li><a href=\"https:\/\/www.berthold-gymnasium.de\/wp-content\/uploads\/2016\/03\/FFK_Antrag_Zuschuss_2016_01.docx\">Antrag auf Gew\u00e4hrung eines Zuschusses zu einer schulischen Unternehmung (.doc)<\/a><\/li>\n\n\n\n<li><a href=\"https:\/\/www.berthold-gymnasium.de\/wp-content\/uploads\/2016\/03\/FFK_Antrag_Zuschuss_2016_01.pdf\">Antrag auf Gew\u00e4hrung eines Zuschusses zu einer schulischen Unternehmung (.pdf)&nbsp; <\/a><\/li>\n<\/ul>\n\n\n\n<p><\/p>\n","protected":false},"excerpt":{"rendered":"<p>Der Freundes- und F\u00f6rderkreis des Berthold-Gymnasiums ist ein eingetragener, gemeinn\u00fctziger Verein, der sich die ideelle und materielle F\u00f6rderung des Berthold-Gymnasiums zur Aufgabe gesetzt&nbsp; hat und f\u00fcr dessen Belange in der \u00d6ffentlichkeit eintritt. Um die vielf\u00e4ltigen Aktivit\u00e4ten einer lebendigen Schulgemeinschaft zu f\u00f6rdern, bedarf es des engen Zusammenwirkens von Sch\u00fclerInnen, LehrerInnen und Eltern. Als wesentliche St\u00fctze dieser [&hellip;]<\/p>\n","protected":false},"author":1,"featured_media":0,"parent":0,"menu_order":0,"comment_status":"closed","ping_status":"closed","template":"","meta":{"_FSMCFIC_featured_image_caption":"","_FSMCFIC_featured_image_nocaption":"","_FSMCFIC_featured_image_hide":"","footnotes":""},"class_list":["post-105","page","type-page","status-publish","hentry"],"publishpress_future_action":{"enabled":false,"date":"2026-04-21 05:04:41","action":"change-status","newStatus":"draft","terms":[],"taxonomy":"","extraData":[]},"publishpress_future_workflow_manual_trigger":{"enabledWorkflows":[]},"_links":{"self":[{"href":"https:\/\/www.berthold-gymnasium.de\/index.php?rest_route=\/wp\/v2\/pages\/105","targetHints":{"allow":["GET"]}}],"collection":[{"href":"https:\/\/www.berthold-gymnasium.de\/index.php?rest_route=\/wp\/v2\/pages"}],"about":[{"href":"https:\/\/www.berthold-gymnasium.de\/index.php?rest_route=\/wp\/v2\/types\/page"}],"author":[{"embeddable":true,"href":"https:\/\/www.berthold-gymnasium.de\/index.php?rest_route=\/wp\/v2\/users\/1"}],"replies":[{"embeddable":true,"href":"https:\/\/www.berthold-gymnasium.de\/index.php?rest_route=%2Fwp%2Fv2%2Fcomments&post=105"}],"version-history":[{"count":4,"href":"https:\/\/www.berthold-gymnasium.de\/index.php?rest_route=\/wp\/v2\/pages\/105\/revisions"}],"predecessor-version":[{"id":7715,"href":"https:\/\/www.berthold-gymnasium.de\/index.php?rest_route=\/wp\/v2\/pages\/105\/revisions\/7715"}],"wp:attachment":[{"href":"https:\/\/www.berthold-gymnasium.de\/index.php?rest_route=%2Fwp%2Fv2%2Fmedia&parent=105"}],"curies":[{"name":"wp","href":"https:\/\/api.w.org\/{rel}","templated":true}]}}