{"id":7641,"date":"2025-06-06T16:11:11","date_gmt":"2025-06-06T14:11:11","guid":{"rendered":"https:\/\/www.berthold-gymnasium.de\/?page_id=7641"},"modified":"2025-07-07T11:46:50","modified_gmt":"2025-07-07T09:46:50","slug":"barrierefreiheit","status":"publish","type":"page","link":"https:\/\/www.berthold-gymnasium.de\/?page_id=7641","title":{"rendered":"Barrierefreiheit"},"content":{"rendered":"\n<h1 class=\"wp-block-heading has-medium-font-size\">Erkl\u00e4rung zur Barrierefreiheit der Homepage des Berthold-Gymnasiums Freiburg.<\/h1>\n\n\n\n<p>Das Berthold-Gymnasium Freiburg ist bem\u00fcht, sein Webseite in Einklang mit \u00a7 10 Absatz 1 des Landes-Behindertengleichstellungsgesetzes (L-BGG) barrierefrei zug\u00e4nglich zu machen. Diese Erkl\u00e4rung zur Barrierefreiheit gilt nur f\u00fcr die Homepage des Berthold-Gymnasiums Freiburg.<\/p>\n\n\n\n<p><\/p>\n\n\n\n<p><strong>Stand der Vereinbarkeit mit den Anforderungen<\/strong><\/p>\n\n\n\n<p>Diese Webseite ist wegen der folgenden Unvereinbarkeiten teilweise mit \u00a7 10 Absatz 1 L-BGG vereinbar.<\/p>\n\n\n\n<p><strong>Nicht barrierefreie Inhalte<\/strong><\/p>\n\n\n\n<p>Die nachstehend aufgef\u00fchrten Inhalte sind auf Grund von unverh\u00e4ltnism\u00e4\u00dfigen Belastungen aus den folgenden Gr\u00fcnden zum Teil noch nicht barrierefrei:<br>[weitere Punkte in Arbeit]<\/p>\n\n\n\n<p>Folgende nicht barrierefreien Elemente bestehen und k\u00f6nnen (noch nicht) aufgrund unverh\u00e4ltnism\u00e4\u00dfiger Belastung nach \u00a7 10 Absatz 2 L-BGG bereinigt werden:<\/p>\n\n\n\n<ul class=\"wp-block-list\">\n<li>Kontraste<\/li>\n\n\n\n<li>eingeblendete Inhalte bei Dar\u00fcberschweben oder Fokus<\/li>\n\n\n\n<li>Tastaturbedienung<\/li>\n\n\n\n<li>Pausieren, Stoppen, Ausblenden<\/li>\n\n\n\n<li>Seite mit Titel<\/li>\n\n\n\n<li>Linkzweck (im Kontext)<\/li>\n\n\n\n<li>Beschriftung (Labels) oder Anweisungen<\/li>\n\n\n\n<li>Deutsche Geb\u00e4rdensprache<\/li>\n\n\n\n<li>Leichte Sprache<\/li>\n\n\n\n<li>Barrierefreiheit von Dokumenten \/ PDFs<\/li>\n\n\n\n<li>[weitere Punkte in Arbeit]<\/li>\n<\/ul>\n\n\n\n<p><strong>Erstellung dieser Erkl\u00e4rung zur Barrierefreiheit<\/strong><\/p>\n\n\n\n<p>Diese Erkl\u00e4rung wurde am  06.06.2025 erstellt und zuletzt am 06.1106.2025 aktualisiert.<\/p>\n\n\n\n<p><\/p>\n\n\n\n<p><\/p>\n\n\n\n<p><strong>R\u00fcckmeldung und Kontaktangaben<\/strong><\/p>\n\n\n\n<p>Sollten Ihnen M\u00e4ngel in Bezug auf die Einhaltung der Barrierefreiheitsanforderungen auffallen, k\u00f6nnen Sie sich gerne bei uns melden:<\/p>\n\n\n\n<p>Berthold-Gymnasium<br>Hirzbergstr. 12<br>79102 Freiburg<\/p>\n\n\n\n<p>Telefon: (0761) 201-7631<br>Fax: (0761) 201-7479<\/p>\n\n\n\n<p>E-Mail:&nbsp;<a href=\"mailto:sekretariat.bgvn@freiburger-schulen.bwl.de\">sekretariat.bgvn@freiburger-schulen.bwl.de<\/a><\/p>\n\n\n\n<p><strong>Schlichtungsverfahren<\/strong><\/p>\n\n\n\n<p>Wenn Sie der Meinung sind, dass diese Webseite nicht barrierefrei zug\u00e4nglich ist, k\u00f6nnen Sie unsere in Ziffer 4 genannte Stelle oder Person dar\u00fcber informieren.<\/p>\n\n\n\n<p>Falls wir Ihnen nicht oder nicht zufriedenstellend innerhalb von vier Wochen ab Zugang Ihrer Anfrage antworten, k\u00f6nnen Sie sich an die Schlichtungsstelle des Landeszentrums Barrierefreiheit (LZ-BARR) wenden. Die Schlichtungsstelle erreichen Sie wie folgt:<\/p>\n\n\n\n<p>Landeszentrum Barrierefreiheit<br>Schlichtungsstelle<br>Else-Josenhans-Stra\u00dfe 6<br>70173 Stuttgart<br>Telefon: 0711 123 39375<br>E-Mail:&nbsp;<a href=\"mailto:schlichtung@barrierefreiheit.bwl.de\">schlichtung@barrierefreiheit.bwl.de<\/a><br>Webseite:&nbsp;<a href=\"https:\/\/barrierefreiheit-bw.de\/\">https:\/\/barrierefreiheit-bw.de\/<\/a><\/p>\n\n\n\n<p>Das Schlichtungsverfahren ist unentgeltlich.<\/p>\n\n\n\n<p>Auf die M\u00f6glichkeit des Verbandsklagerechts nach \u00a7 12 Absatz 1 Satz 1 Nummer 4 L-BGG wird hingewiesen.<\/p>\n\n\n\n<p><\/p>\n\n\n\n<p class=\"has-medium-font-size\"><strong>Datenschutzinformationen<\/strong> <\/p>\n\n\n<a class=\"wp-block-read-more\" href=\"https:\/\/www.berthold-gymnasium.de\/?page_id=7641\" target=\"_self\">https:\/\/www.berthold-gymnasium.de\/?page_id=2353<span class=\"screen-reader-text\">: Barrierefreiheit<\/span><\/a>\n\n\n<p><\/p>\n\n\n\n<p class=\"has-medium-font-size\"><\/p>\n\n\n\n<p class=\"has-medium-font-size\"><strong>Informationen in Leichter Sprache<\/strong>&nbsp;<\/p>\n\n\n\n<p><a href=\"https:\/\/www.berthold-gymnasium.de\/?page_id=7651\" data-type=\"link\" data-id=\"https:\/\/www.berthold-gymnasium.de\/?page_id=7651\">link<\/a><\/p>\n\n\n\n<p><\/p>\n","protected":false},"excerpt":{"rendered":"<p>Erkl\u00e4rung zur Barrierefreiheit der Homepage des Berthold-Gymnasiums Freiburg. Das Berthold-Gymnasium Freiburg ist bem\u00fcht, sein Webseite in Einklang mit \u00a7 10 Absatz 1 des Landes-Behindertengleichstellungsgesetzes (L-BGG) barrierefrei zug\u00e4nglich zu machen. Diese Erkl\u00e4rung zur Barrierefreiheit gilt nur f\u00fcr die Homepage des Berthold-Gymnasiums Freiburg. Stand der Vereinbarkeit mit den Anforderungen Diese Webseite ist wegen der folgenden Unvereinbarkeiten teilweise [&hellip;]<\/p>\n","protected":false},"author":6,"featured_media":0,"parent":0,"menu_order":0,"comment_status":"closed","ping_status":"closed","template":"","meta":{"_FSMCFIC_featured_image_caption":"","_FSMCFIC_featured_image_nocaption":"","_FSMCFIC_featured_image_hide":"","footnotes":""},"class_list":["post-7641","page","type-page","status-publish","hentry"],"publishpress_future_action":{"enabled":false,"date":"2026-05-04 16:35:38","action":"change-status","newStatus":"draft","terms":[],"taxonomy":"","extraData":[]},"publishpress_future_workflow_manual_trigger":{"enabledWorkflows":[]},"_links":{"self":[{"href":"https:\/\/www.berthold-gymnasium.de\/index.php?rest_route=\/wp\/v2\/pages\/7641","targetHints":{"allow":["GET"]}}],"collection":[{"href":"https:\/\/www.berthold-gymnasium.de\/index.php?rest_route=\/wp\/v2\/pages"}],"about":[{"href":"https:\/\/www.berthold-gymnasium.de\/index.php?rest_route=\/wp\/v2\/types\/page"}],"author":[{"embeddable":true,"href":"https:\/\/www.berthold-gymnasium.de\/index.php?rest_route=\/wp\/v2\/users\/6"}],"replies":[{"embeddable":true,"href":"https:\/\/www.berthold-gymnasium.de\/index.php?rest_route=%2Fwp%2Fv2%2Fcomments&post=7641"}],"version-history":[{"count":5,"href":"https:\/\/www.berthold-gymnasium.de\/index.php?rest_route=\/wp\/v2\/pages\/7641\/revisions"}],"predecessor-version":[{"id":7746,"href":"https:\/\/www.berthold-gymnasium.de\/index.php?rest_route=\/wp\/v2\/pages\/7641\/revisions\/7746"}],"wp:attachment":[{"href":"https:\/\/www.berthold-gymnasium.de\/index.php?rest_route=%2Fwp%2Fv2%2Fmedia&parent=7641"}],"curies":[{"name":"wp","href":"https:\/\/api.w.org\/{rel}","templated":true}]}}