{"id":95,"date":"2015-10-22T09:36:33","date_gmt":"2015-10-22T07:36:33","guid":{"rendered":"http:\/\/www.berthold-gymnasium.de\/wordpress\/?page_id=95"},"modified":"2023-09-19T14:49:02","modified_gmt":"2023-09-19T12:49:02","slug":"sprechstunden","status":"publish","type":"page","link":"https:\/\/www.berthold-gymnasium.de\/?page_id=95","title":{"rendered":"Sprechstunden"},"content":{"rendered":"\n<p>Zur Vereinbarung einer Sprechstunde nehmen Sie bitte bevorzugt per EduPage oder per E-Mail mit der Lehrkraft Kontakt auf. Die Lehrkraft wird bem\u00fcht sein einen f\u00fcr alle Seiten passenden Termin zu finden. Sollte eine Kontaktaufnahme nicht m\u00f6glich sein, so melden Sie sich bitte im Sekretariat und bitten um einen R\u00fcckruf (Telefon Sekretariat: 0761 \/ 201-7631).<\/p>\n\n\n\n<h4 class=\"wp-block-heading\">Liste der Lehrkr\u00e4fte, die per E-Mail erreicht werden k\u00f6nnen:<\/h4>\n\n\n\n<p>Bitte beachten Sie, dass das Dokument mehrere Seiten enth\u00e4lt, Sie k\u00f6nnen am unteren Ende auf die n\u00e4chste Seite weiterbl\u00e4ttern.<\/p>\n\n\n<a href=\"https:\/\/www.berthold-gymnasium.de\/wp-content\/uploads\/2023\/09\/BG_Lehrerliste_2324.pdf\" class=\"pdfemb-viewer\" style=\"\" data-width=\"max\" data-height=\"max\" data-toolbar=\"bottom\" data-toolbar-fixed=\"off\">BG_Lehrerliste_2324<\/a>\n<p class=\"wp-block-pdfemb-pdf-embedder-viewer\"><\/p>\n","protected":false},"excerpt":{"rendered":"<p>Zur Vereinbarung einer Sprechstunde nehmen Sie bitte bevorzugt per EduPage oder per E-Mail mit der Lehrkraft Kontakt auf. Die Lehrkraft wird bem\u00fcht sein einen f\u00fcr alle Seiten passenden Termin zu finden. Sollte eine Kontaktaufnahme nicht m\u00f6glich sein, so melden Sie sich bitte im Sekretariat und bitten um einen R\u00fcckruf (Telefon Sekretariat: 0761 \/ 201-7631). Liste [&hellip;]<\/p>\n","protected":false},"author":1,"featured_media":0,"parent":0,"menu_order":0,"comment_status":"closed","ping_status":"closed","template":"","meta":{"_FSMCFIC_featured_image_caption":"","_FSMCFIC_featured_image_nocaption":"","_FSMCFIC_featured_image_hide":"","footnotes":""},"class_list":["post-95","page","type-page","status-publish","hentry"],"publishpress_future_action":{"enabled":false,"date":"2026-04-23 09:47:20","action":"change-status","newStatus":"draft","terms":[],"taxonomy":"","extraData":[]},"publishpress_future_workflow_manual_trigger":{"enabledWorkflows":[]},"_links":{"self":[{"href":"https:\/\/www.berthold-gymnasium.de\/index.php?rest_route=\/wp\/v2\/pages\/95","targetHints":{"allow":["GET"]}}],"collection":[{"href":"https:\/\/www.berthold-gymnasium.de\/index.php?rest_route=\/wp\/v2\/pages"}],"about":[{"href":"https:\/\/www.berthold-gymnasium.de\/index.php?rest_route=\/wp\/v2\/types\/page"}],"author":[{"embeddable":true,"href":"https:\/\/www.berthold-gymnasium.de\/index.php?rest_route=\/wp\/v2\/users\/1"}],"replies":[{"embeddable":true,"href":"https:\/\/www.berthold-gymnasium.de\/index.php?rest_route=%2Fwp%2Fv2%2Fcomments&post=95"}],"version-history":[{"count":6,"href":"https:\/\/www.berthold-gymnasium.de\/index.php?rest_route=\/wp\/v2\/pages\/95\/revisions"}],"predecessor-version":[{"id":7711,"href":"https:\/\/www.berthold-gymnasium.de\/index.php?rest_route=\/wp\/v2\/pages\/95\/revisions\/7711"}],"wp:attachment":[{"href":"https:\/\/www.berthold-gymnasium.de\/index.php?rest_route=%2Fwp%2Fv2%2Fmedia&parent=95"}],"curies":[{"name":"wp","href":"https:\/\/api.w.org\/{rel}","templated":true}]}}